{"id":2,"date":"2025-04-28T11:22:33","date_gmt":"2025-04-28T09:22:33","guid":{"rendered":"http:\/\/www.davidebertone.com\/?page_id=2"},"modified":"2025-04-30T09:43:21","modified_gmt":"2025-04-30T07:43:21","slug":"cosa-ho-fatto","status":"publish","type":"page","link":"https:\/\/www.davidebertone.com\/index.php\/cosa-ho-fatto\/","title":{"rendered":"Cosa ho fatto"},"content":{"rendered":"\n<hr class=\"wp-block-separator has-alpha-channel-opacity\"\/>\n\n\n\n<p><strong>Davide Bertone<\/strong> \u00e8 un attore teatrale versatile e incisivo, protagonista di numerose produzioni legate al progetto <em>WiShakespeare<\/em>, in cui ha saputo spaziare con efficacia tra registri drammatici, comici e grotteschi. Ha partecipato allo spettacolo <em>Volgarmente Detto<\/em> (2024), andato in scena nella suggestiva cornice della Corte di San Tom\u00e8 durante il festival &#8220;Antico Lemine&#8221;, distinguendosi per l\u2019interpretazione di un personaggio satirico che ha incarnato lo spirito crudo e provocatorio della letteratura medievale. In scena ha dato corpo e voce a un linguaggio volgare e potente, capace di mescolare comicit\u00e0 e denuncia sociale in uno stile diretto e irriverente.<\/p>\n\n\n\n<p>Nel dramma <em>Romeo e Giulietta<\/em>, Davide ha ricoperto il ruolo di <strong>Tebaldo<\/strong>, cugino di Giulietta e figura chiave nel conflitto tra Montecchi e Capuleti. Il suo Tebaldo \u00e8 stato tratteggiato come un uomo dominato dall\u2019onore e dall\u2019odio, un guerriero tragico travolto dalle dinamiche violente della propria famiglia. Davide ha restituito al personaggio una complessit\u00e0 drammatica, trasformandolo da semplice antagonista in una figura profondamente umana, vittima di un sistema che premia la forza e rifiuta la mediazione. La sua interpretazione, fisicamente intensa e teatralmente rigorosa, ha valorizzato il contrasto tra la ferocia del personaggio e la sua fragilit\u00e0 nascosta.<\/p>\n\n\n\n<p>In <em>Falstaff in Re Minore<\/em>, ha vestito i panni di <strong>personaggi popolari e grotteschi<\/strong>, figure di contorno che hanno arricchito lo spettacolo con dinamismo e colore. Attraverso un lavoro attoriale di improvvisazione e caratterizzazione, Davide ha dato voce all\u2019umanit\u00e0 marginale e pittoresca che gravita attorno a Falstaff, contribuendo a creare un\u2019atmosfera tragicomica densa di significato.<\/p>\n\n\n\n<p>La carriera teatrale di Davide Bertone si contraddistingue per l\u2019energia scenica, la precisione interpretativa e la capacit\u00e0 di fondere rigore e spontaneit\u00e0. Ogni suo ruolo \u00e8 affrontato come un\u2019occasione di esplorazione linguistica e umana, in linea con la filosofia del teatro che non si limita a rappresentare, ma che vuole interrogare, emozionare e trasformare.<\/p>\n\n\n\n<hr class=\"wp-block-separator has-alpha-channel-opacity\"\/>\n","protected":false},"excerpt":{"rendered":"<p>Davide Bertone \u00e8 un attore teatrale versatile e incisivo, protagonista di numerose produzioni legate al progetto WiShakespeare, in cui ha<\/p>\n<p><a href=\"https:\/\/www.davidebertone.com\/index.php\/cosa-ho-fatto\/\" class=\"more-link\">Continue reading<span class=\"screen-reader-text\">Cosa ho fatto<\/span><\/a><\/p>\n","protected":false},"author":1,"featured_media":0,"parent":0,"menu_order":0,"comment_status":"closed","ping_status":"open","template":"","meta":{"footnotes":""},"class_list":["post-2","page","type-page","status-publish","hentry"],"yoast_head":"<!-- This site is optimized with the Yoast SEO plugin v27.5 - https:\/\/yoast.com\/product\/yoast-seo-wordpress\/ -->\r\n<title>Cosa ho fatto - Davide Bertone Attore<\/title>\r\n<meta name=\"robots\" content=\"index, follow, max-snippet:-1, max-image-preview:large, max-video-preview:-1\" \/>\r\n<link rel=\"canonical\" href=\"https:\/\/www.davidebertone.com\/index.php\/cosa-ho-fatto\/\" \/>\r\n<meta property=\"og:locale\" content=\"it_IT\" \/>\r\n<meta property=\"og:type\" content=\"article\" \/>\r\n<meta property=\"og:title\" content=\"Cosa ho fatto - Davide Bertone Attore\" \/>\r\n<meta property=\"og:description\" content=\"Davide Bertone \u00e8 un attore teatrale versatile e incisivo, protagonista di numerose produzioni legate al progetto WiShakespeare, in cui haContinue readingCosa ho fatto\" \/>\r\n<meta property=\"og:url\" content=\"https:\/\/www.davidebertone.com\/index.php\/cosa-ho-fatto\/\" \/>\r\n<meta property=\"og:site_name\" content=\"Davide Bertone Attore\" \/>\r\n<meta property=\"article:modified_time\" content=\"2025-04-30T07:43:21+00:00\" \/>\r\n<meta name=\"twitter:card\" content=\"summary_large_image\" \/>\r\n<meta name=\"twitter:label1\" content=\"Tempo di lettura stimato\" \/>\n\t<meta name=\"twitter:data1\" content=\"2 minuti\" \/>\r\n<script type=\"application\/ld+json\" class=\"yoast-schema-graph\">{\"@context\":\"https:\\\/\\\/schema.org\",\"@graph\":[{\"@type\":\"WebPage\",\"@id\":\"https:\\\/\\\/www.davidebertone.com\\\/index.php\\\/cosa-ho-fatto\\\/\",\"url\":\"https:\\\/\\\/www.davidebertone.com\\\/index.php\\\/cosa-ho-fatto\\\/\",\"name\":\"Cosa ho fatto - Davide Bertone Attore\",\"isPartOf\":{\"@id\":\"https:\\\/\\\/www.davidebertone.com\\\/#website\"},\"datePublished\":\"2025-04-28T09:22:33+00:00\",\"dateModified\":\"2025-04-30T07:43:21+00:00\",\"breadcrumb\":{\"@id\":\"https:\\\/\\\/www.davidebertone.com\\\/index.php\\\/cosa-ho-fatto\\\/#breadcrumb\"},\"inLanguage\":\"it-IT\",\"potentialAction\":[{\"@type\":\"ReadAction\",\"target\":[\"https:\\\/\\\/www.davidebertone.com\\\/index.php\\\/cosa-ho-fatto\\\/\"]}]},{\"@type\":\"BreadcrumbList\",\"@id\":\"https:\\\/\\\/www.davidebertone.com\\\/index.php\\\/cosa-ho-fatto\\\/#breadcrumb\",\"itemListElement\":[{\"@type\":\"ListItem\",\"position\":1,\"name\":\"Home\",\"item\":\"https:\\\/\\\/www.davidebertone.com\\\/\"},{\"@type\":\"ListItem\",\"position\":2,\"name\":\"Cosa ho fatto\"}]},{\"@type\":\"WebSite\",\"@id\":\"https:\\\/\\\/www.davidebertone.com\\\/#website\",\"url\":\"https:\\\/\\\/www.davidebertone.com\\\/\",\"name\":\"Davide Bertone Attore\",\"description\":\"\",\"publisher\":{\"@id\":\"https:\\\/\\\/www.davidebertone.com\\\/#\\\/schema\\\/person\\\/f38cf93ee5942fe79129daebfe94f786\"},\"potentialAction\":[{\"@type\":\"SearchAction\",\"target\":{\"@type\":\"EntryPoint\",\"urlTemplate\":\"https:\\\/\\\/www.davidebertone.com\\\/?s={search_term_string}\"},\"query-input\":{\"@type\":\"PropertyValueSpecification\",\"valueRequired\":true,\"valueName\":\"search_term_string\"}}],\"inLanguage\":\"it-IT\"},{\"@type\":[\"Person\",\"Organization\"],\"@id\":\"https:\\\/\\\/www.davidebertone.com\\\/#\\\/schema\\\/person\\\/f38cf93ee5942fe79129daebfe94f786\",\"name\":\"wp_admin_Davide\",\"image\":{\"@type\":\"ImageObject\",\"inLanguage\":\"it-IT\",\"@id\":\"https:\\\/\\\/secure.gravatar.com\\\/avatar\\\/618bc02c602e3a6b8508aedf58939700fb10dadb7bbe04ed40e75f24bfac1139?s=96&d=mm&r=g\",\"url\":\"https:\\\/\\\/secure.gravatar.com\\\/avatar\\\/618bc02c602e3a6b8508aedf58939700fb10dadb7bbe04ed40e75f24bfac1139?s=96&d=mm&r=g\",\"contentUrl\":\"https:\\\/\\\/secure.gravatar.com\\\/avatar\\\/618bc02c602e3a6b8508aedf58939700fb10dadb7bbe04ed40e75f24bfac1139?s=96&d=mm&r=g\",\"caption\":\"wp_admin_Davide\"},\"logo\":{\"@id\":\"https:\\\/\\\/secure.gravatar.com\\\/avatar\\\/618bc02c602e3a6b8508aedf58939700fb10dadb7bbe04ed40e75f24bfac1139?s=96&d=mm&r=g\"},\"sameAs\":[\"http:\\\/\\\/www.davidebertone.com\"]}]}<\/script>\r\n<!-- \/ Yoast SEO plugin. -->","yoast_head_json":{"title":"Cosa ho fatto - Davide Bertone Attore","robots":{"index":"index","follow":"follow","max-snippet":"max-snippet:-1","max-image-preview":"max-image-preview:large","max-video-preview":"max-video-preview:-1"},"canonical":"https:\/\/www.davidebertone.com\/index.php\/cosa-ho-fatto\/","og_locale":"it_IT","og_type":"article","og_title":"Cosa ho fatto - Davide Bertone Attore","og_description":"Davide Bertone \u00e8 un attore teatrale versatile e incisivo, protagonista di numerose produzioni legate al progetto WiShakespeare, in cui haContinue readingCosa ho fatto","og_url":"https:\/\/www.davidebertone.com\/index.php\/cosa-ho-fatto\/","og_site_name":"Davide Bertone Attore","article_modified_time":"2025-04-30T07:43:21+00:00","twitter_card":"summary_large_image","twitter_misc":{"Tempo di lettura stimato":"2 minuti"},"schema":{"@context":"https:\/\/schema.org","@graph":[{"@type":"WebPage","@id":"https:\/\/www.davidebertone.com\/index.php\/cosa-ho-fatto\/","url":"https:\/\/www.davidebertone.com\/index.php\/cosa-ho-fatto\/","name":"Cosa ho fatto - Davide Bertone Attore","isPartOf":{"@id":"https:\/\/www.davidebertone.com\/#website"},"datePublished":"2025-04-28T09:22:33+00:00","dateModified":"2025-04-30T07:43:21+00:00","breadcrumb":{"@id":"https:\/\/www.davidebertone.com\/index.php\/cosa-ho-fatto\/#breadcrumb"},"inLanguage":"it-IT","potentialAction":[{"@type":"ReadAction","target":["https:\/\/www.davidebertone.com\/index.php\/cosa-ho-fatto\/"]}]},{"@type":"BreadcrumbList","@id":"https:\/\/www.davidebertone.com\/index.php\/cosa-ho-fatto\/#breadcrumb","itemListElement":[{"@type":"ListItem","position":1,"name":"Home","item":"https:\/\/www.davidebertone.com\/"},{"@type":"ListItem","position":2,"name":"Cosa ho fatto"}]},{"@type":"WebSite","@id":"https:\/\/www.davidebertone.com\/#website","url":"https:\/\/www.davidebertone.com\/","name":"Davide Bertone Attore","description":"","publisher":{"@id":"https:\/\/www.davidebertone.com\/#\/schema\/person\/f38cf93ee5942fe79129daebfe94f786"},"potentialAction":[{"@type":"SearchAction","target":{"@type":"EntryPoint","urlTemplate":"https:\/\/www.davidebertone.com\/?s={search_term_string}"},"query-input":{"@type":"PropertyValueSpecification","valueRequired":true,"valueName":"search_term_string"}}],"inLanguage":"it-IT"},{"@type":["Person","Organization"],"@id":"https:\/\/www.davidebertone.com\/#\/schema\/person\/f38cf93ee5942fe79129daebfe94f786","name":"wp_admin_Davide","image":{"@type":"ImageObject","inLanguage":"it-IT","@id":"https:\/\/secure.gravatar.com\/avatar\/618bc02c602e3a6b8508aedf58939700fb10dadb7bbe04ed40e75f24bfac1139?s=96&d=mm&r=g","url":"https:\/\/secure.gravatar.com\/avatar\/618bc02c602e3a6b8508aedf58939700fb10dadb7bbe04ed40e75f24bfac1139?s=96&d=mm&r=g","contentUrl":"https:\/\/secure.gravatar.com\/avatar\/618bc02c602e3a6b8508aedf58939700fb10dadb7bbe04ed40e75f24bfac1139?s=96&d=mm&r=g","caption":"wp_admin_Davide"},"logo":{"@id":"https:\/\/secure.gravatar.com\/avatar\/618bc02c602e3a6b8508aedf58939700fb10dadb7bbe04ed40e75f24bfac1139?s=96&d=mm&r=g"},"sameAs":["http:\/\/www.davidebertone.com"]}]}},"_links":{"self":[{"href":"https:\/\/www.davidebertone.com\/index.php\/wp-json\/wp\/v2\/pages\/2","targetHints":{"allow":["GET"]}}],"collection":[{"href":"https:\/\/www.davidebertone.com\/index.php\/wp-json\/wp\/v2\/pages"}],"about":[{"href":"https:\/\/www.davidebertone.com\/index.php\/wp-json\/wp\/v2\/types\/page"}],"author":[{"embeddable":true,"href":"https:\/\/www.davidebertone.com\/index.php\/wp-json\/wp\/v2\/users\/1"}],"replies":[{"embeddable":true,"href":"https:\/\/www.davidebertone.com\/index.php\/wp-json\/wp\/v2\/comments?post=2"}],"version-history":[{"count":2,"href":"https:\/\/www.davidebertone.com\/index.php\/wp-json\/wp\/v2\/pages\/2\/revisions"}],"predecessor-version":[{"id":25,"href":"https:\/\/www.davidebertone.com\/index.php\/wp-json\/wp\/v2\/pages\/2\/revisions\/25"}],"wp:attachment":[{"href":"https:\/\/www.davidebertone.com\/index.php\/wp-json\/wp\/v2\/media?parent=2"}],"curies":[{"name":"wp","href":"https:\/\/api.w.org\/{rel}","templated":true}]}}